{"id":1590,"date":"2023-06-16T15:36:55","date_gmt":"2023-06-16T13:36:55","guid":{"rendered":"https:\/\/apinyo.cat\/politica-de-accesibilidad\/"},"modified":"2024-01-03T18:32:42","modified_gmt":"2024-01-03T17:32:42","slug":"politica-de-accesibilidad","status":"publish","type":"page","link":"https:\/\/apinyo.cat\/es\/politica-de-accesibilidad\/","title":{"rendered":"Pol\u00edtica de accesibilidad"},"content":{"rendered":"\t\t<div data-elementor-type=\"wp-page\" data-elementor-id=\"1590\" class=\"elementor elementor-1590 elementor-325\" data-elementor-post-type=\"page\">\n\t\t\t\t\t\t<section class=\"elementor-section elementor-top-section elementor-element elementor-element-98e1df3 elementor-section-boxed elementor-section-height-default elementor-section-height-default\" data-id=\"98e1df3\" data-element_type=\"section\" data-e-type=\"section\">\n\t\t\t\t\t\t<div class=\"elementor-container elementor-column-gap-default\">\n\t\t\t\t\t<div class=\"elementor-column elementor-col-100 elementor-top-column elementor-element elementor-element-f27ba1f\" data-id=\"f27ba1f\" data-element_type=\"column\" data-e-type=\"column\">\n\t\t\t<div class=\"elementor-widget-wrap elementor-element-populated\">\n\t\t\t\t\t\t<div class=\"elementor-element elementor-element-b4c043b elementor-widget elementor-widget-text-editor\" data-id=\"b4c043b\" data-element_type=\"widget\" data-e-type=\"widget\" data-widget_type=\"text-editor.default\">\n\t\t\t\t<div class=\"elementor-widget-container\">\n\t\t\t\t\t\t\t\t\t<p>La empresa APINYO EXPRESS SL se ha comprometido a hacer accesible su sitio web de conformidad con el Real Decreto 1112\/2018, de 7 de septiembre, sobre accesibilidad de los sitios web y aplicaciones para dispositivos m\u00f3viles del sector p\u00fablico, o desarrollos financiados desde Europa.<\/p>\n<p>La presente declaraci\u00f3n de accesibilidad se aplica al sitio web https:\/\/apinyo.cat\/<span style=\"color: #ff0000;\"><strong> <\/strong><\/span>excluyendo los contenidos incrustados provenientes de otros dominios.<\/p>\n<p><strong>Situaci\u00f3n de cumplimiento<\/strong><br \/>Este sitio web es Parcialmente conforme con el RD 1112\/2018 debido a la falta de conformidad de los aspectos que se indican a continuaci\u00f3n.<\/p>\n<p><strong>Contenido no accesible<\/strong><\/p>\n<p>El contenido que se recoge a continuaci\u00f3n no es accesible por los siguientes motivos:<\/p>\n<ul>\n<li>Falta de conformidad:<\/li>\n<li>Pueden existir algunas im\u00e1genes cuya alternativa no est\u00e9 implementada o no sea correcta &#8211; \u2013 Requisito 9.1.1.1 Contenido no textual UNE-EN 301549:2022<\/li>\n<li>En los formularios, puede haber campos que no se hayan facilitado su rellenado a trav\u00e9s de sistemas autom\u00e1ticos \u2013 Requisito 9.1.3.5 Identificar el prop\u00f3sito de la entrada UNE-EN 301549:2022<\/li>\n<li>Puede haber elementos cuyo contraste no sea el suficiente en algunas p\u00e1ginas \u2013 Requisito 9.1.4.3 Contraste UNE-EN 301549:2020<\/li>\n<li>Puede haber campos de formulario donde su etiqueta no sea correcta o no exista \u2013 Requisito n\u00famero 9.3.3.2 Etiquetas o instrucciones de UNE-EN 301549:2022<\/li>\n<li>Pueden existir algunos errores de parseo en el c\u00f3digo &#8211; Requisito n\u00famero 9.4.1.1 Procesamiento de UNE-EN 301549:2022<\/li>\n<li>Podr\u00edan existir fallos puntuales de edici\u00f3n en alguna p\u00e1gina web.<\/li>\n<li>Carga desproporcionada: No resulta aplicable.<\/li>\n<li>El contenido no entra dentro del \u00e1mbito de la legislaci\u00f3n aplicable.<br \/>Podr\u00edan existir archivos ofim\u00e1ticos en PDF u otros formatos publicados antes del 20 de septiembre de 2018 que no cumplan en su totalidad todos los requisitos de accesibilidad.<br \/>Puede haber contenidos de terceros que no est\u00e9n desarrollados en esta Unidad, ni bajo su control, como archivos ofim\u00e1ticos de diferentes organismos que deban publicarse en este sitio.<\/li>\n<\/ul>\n<p><strong>Observaciones y datos de contacto<\/strong><\/p>\n<ul>\n<li>Puede realizar comunicaciones sobre requisitos de accesibilidad [art\u00edculo 10.2.a) del RD 1112\/2018] como, por ejemplo:<br \/>Informar sobre cualquier posible incumplimiento por parte de este sitio web.<\/li>\n<li>Transmitir otras dificultades de acceso al contenido.<\/li>\n<li>Formular cualquier otra consulta o sugerencia de mejora relativa a la accesibilidad del sitio web a trav\u00e9s de la siguiente <a href=\"https:\/\/apinyo.cat\/es\/contacta\/\">p\u00e1gina de contacto<\/a> o llamando al tel\u00e9fono <a href=\"tel:931125293\" target=\"_blank\" rel=\"nofollow noopener\"><span class=\"elementor-icon-list-text\">931 125 293<\/span><\/a> de 9 a 14 horas de lunes a viernes.<\/li>\n<\/ul>\n<p><strong>Puede presentar:<\/strong><\/p>\n<ul>\n<li>Una queja relativa al cumplimiento de los requisitos del RD 1112\/2018<\/li>\n<li>Una solicitud de informaci\u00f3n accesible relativa a:\n<ul>\n<li>Contenidos que est\u00e1n excluidos del \u00e1mbito de aplicaci\u00f3n del RD 1112\/2018 seg\u00fan lo establecido por el art\u00edculo 3, apartado 4.<\/li>\n<li>Contenidos que est\u00e1n exentos del cumplimiento de los requisitos de accesibilidad por imponer una carga desproporcionada.<\/li>\n<\/ul>\n<\/li>\n<\/ul>\n<p>En la solicitud de informaci\u00f3n accesible, se debe concretar, con toda claridad, los hechos, razones y petici\u00f3n que permitan constatar que se trata de una solicitud razonable y leg\u00edtima.<\/p>\n\t\t\t\t\t\t\t\t<\/div>\n\t\t\t\t<\/div>\n\t\t\t\t\t<\/div>\n\t\t<\/div>\n\t\t\t\t\t<\/div>\n\t\t<\/section>\n\t\t\t\t<\/div>\n\t\t","protected":false},"excerpt":{"rendered":"<p>La empresa APINYO EXPRESS SL se ha comprometido a hacer accesible su sitio web de conformidad con el Real Decreto 1112\/2018, de 7 de septiembre, sobre accesibilidad de los sitios web y aplicaciones para dispositivos m\u00f3viles del sector p\u00fablico, o desarrollos financiados desde Europa. La presente declaraci\u00f3n de accesibilidad se aplica al sitio web https:\/\/apinyo.cat\/ [&hellip;]<\/p>\n","protected":false},"author":2,"featured_media":0,"parent":0,"menu_order":0,"comment_status":"closed","ping_status":"closed","template":"","meta":{"_acf_changed":false,"inline_featured_image":false,"footnotes":""},"class_list":["post-1590","page","type-page","status-publish","hentry"],"acf":[],"yoast_head":"<!-- This site is optimized with the Yoast SEO plugin v27.5 - https:\/\/yoast.com\/product\/yoast-seo-wordpress\/ -->\n<title>\u25b7Pol\u00edtica de accesibilidad - \u3010 Apinyo \u3011<\/title>\n<meta name=\"description\" content=\"La empresa APINYO EXPRESS SL se ha comprometido a hacer accesible su sitio web de conformidad con el Real Decreto 1112\/2018, de 7 de septiembre, sobre \u2713\" \/>\n<meta name=\"robots\" content=\"index, follow, max-snippet:-1, max-image-preview:large, max-video-preview:-1\" \/>\n<link rel=\"canonical\" href=\"https:\/\/apinyo.cat\/es\/politica-de-accesibilidad\/\" \/>\n<meta property=\"og:locale\" content=\"es_ES\" \/>\n<meta property=\"og:type\" content=\"article\" \/>\n<meta property=\"og:title\" content=\"\u25b7Pol\u00edtica de accesibilidad - \u3010 Apinyo \u3011\" \/>\n<meta property=\"og:description\" content=\"La empresa APINYO EXPRESS SL se ha comprometido a hacer accesible su sitio web de conformidad con el Real Decreto 1112\/2018, de 7 de septiembre, sobre \u2713\" \/>\n<meta property=\"og:url\" content=\"https:\/\/apinyo.cat\/es\/politica-de-accesibilidad\/\" \/>\n<meta property=\"og:site_name\" content=\"Apinyo\" \/>\n<meta property=\"article:modified_time\" content=\"2024-01-03T17:32:42+00:00\" \/>\n<meta name=\"twitter:card\" content=\"summary_large_image\" \/>\n<meta name=\"twitter:label1\" content=\"Tiempo de lectura\" \/>\n\t<meta name=\"twitter:data1\" content=\"2 minutos\" \/>\n<script type=\"application\/ld+json\" class=\"yoast-schema-graph\">{\"@context\":\"https:\\\/\\\/schema.org\",\"@graph\":[{\"@type\":\"WebPage\",\"@id\":\"https:\\\/\\\/apinyo.cat\\\/es\\\/politica-de-accesibilidad\\\/\",\"url\":\"https:\\\/\\\/apinyo.cat\\\/es\\\/politica-de-accesibilidad\\\/\",\"name\":\"\u25b7Pol\u00edtica de accesibilidad - \u3010 Apinyo \u3011\",\"isPartOf\":{\"@id\":\"https:\\\/\\\/apinyo.cat\\\/#website\"},\"datePublished\":\"2023-06-16T13:36:55+00:00\",\"dateModified\":\"2024-01-03T17:32:42+00:00\",\"description\":\"La empresa APINYO EXPRESS SL se ha comprometido a hacer accesible su sitio web de conformidad con el Real Decreto 1112\\\/2018, de 7 de septiembre, sobre \u2713\",\"breadcrumb\":{\"@id\":\"https:\\\/\\\/apinyo.cat\\\/es\\\/politica-de-accesibilidad\\\/#breadcrumb\"},\"inLanguage\":\"es\",\"potentialAction\":[{\"@type\":\"ReadAction\",\"target\":[\"https:\\\/\\\/apinyo.cat\\\/es\\\/politica-de-accesibilidad\\\/\"]}]},{\"@type\":\"BreadcrumbList\",\"@id\":\"https:\\\/\\\/apinyo.cat\\\/es\\\/politica-de-accesibilidad\\\/#breadcrumb\",\"itemListElement\":[{\"@type\":\"ListItem\",\"position\":1,\"name\":\"Portada\",\"item\":\"https:\\\/\\\/apinyo.cat\\\/es\\\/home\\\/\"},{\"@type\":\"ListItem\",\"position\":2,\"name\":\"Pol\u00edtica de accesibilidad\"}]},{\"@type\":\"WebSite\",\"@id\":\"https:\\\/\\\/apinyo.cat\\\/#website\",\"url\":\"https:\\\/\\\/apinyo.cat\\\/\",\"name\":\"Apinyo\",\"description\":\"\",\"publisher\":{\"@id\":\"https:\\\/\\\/apinyo.cat\\\/#organization\"},\"potentialAction\":[{\"@type\":\"SearchAction\",\"target\":{\"@type\":\"EntryPoint\",\"urlTemplate\":\"https:\\\/\\\/apinyo.cat\\\/?s={search_term_string}\"},\"query-input\":{\"@type\":\"PropertyValueSpecification\",\"valueRequired\":true,\"valueName\":\"search_term_string\"}}],\"inLanguage\":\"es\"},{\"@type\":\"Organization\",\"@id\":\"https:\\\/\\\/apinyo.cat\\\/#organization\",\"name\":\"Apinyo\",\"url\":\"https:\\\/\\\/apinyo.cat\\\/\",\"logo\":{\"@type\":\"ImageObject\",\"inLanguage\":\"es\",\"@id\":\"https:\\\/\\\/apinyo.cat\\\/#\\\/schema\\\/logo\\\/image\\\/\",\"url\":\"https:\\\/\\\/apinyo.cat\\\/wp-content\\\/uploads\\\/2022\\\/03\\\/logo_apinyo.png\",\"contentUrl\":\"https:\\\/\\\/apinyo.cat\\\/wp-content\\\/uploads\\\/2022\\\/03\\\/logo_apinyo.png\",\"width\":192,\"height\":32,\"caption\":\"Apinyo\"},\"image\":{\"@id\":\"https:\\\/\\\/apinyo.cat\\\/#\\\/schema\\\/logo\\\/image\\\/\"}}]}<\/script>\n<!-- \/ Yoast SEO plugin. -->","yoast_head_json":{"title":"\u25b7Pol\u00edtica de accesibilidad - \u3010 Apinyo \u3011","description":"La empresa APINYO EXPRESS SL se ha comprometido a hacer accesible su sitio web de conformidad con el Real Decreto 1112\/2018, de 7 de septiembre, sobre \u2713","robots":{"index":"index","follow":"follow","max-snippet":"max-snippet:-1","max-image-preview":"max-image-preview:large","max-video-preview":"max-video-preview:-1"},"canonical":"https:\/\/apinyo.cat\/es\/politica-de-accesibilidad\/","og_locale":"es_ES","og_type":"article","og_title":"\u25b7Pol\u00edtica de accesibilidad - \u3010 Apinyo \u3011","og_description":"La empresa APINYO EXPRESS SL se ha comprometido a hacer accesible su sitio web de conformidad con el Real Decreto 1112\/2018, de 7 de septiembre, sobre \u2713","og_url":"https:\/\/apinyo.cat\/es\/politica-de-accesibilidad\/","og_site_name":"Apinyo","article_modified_time":"2024-01-03T17:32:42+00:00","twitter_card":"summary_large_image","twitter_misc":{"Tiempo de lectura":"2 minutos"},"schema":{"@context":"https:\/\/schema.org","@graph":[{"@type":"WebPage","@id":"https:\/\/apinyo.cat\/es\/politica-de-accesibilidad\/","url":"https:\/\/apinyo.cat\/es\/politica-de-accesibilidad\/","name":"\u25b7Pol\u00edtica de accesibilidad - \u3010 Apinyo \u3011","isPartOf":{"@id":"https:\/\/apinyo.cat\/#website"},"datePublished":"2023-06-16T13:36:55+00:00","dateModified":"2024-01-03T17:32:42+00:00","description":"La empresa APINYO EXPRESS SL se ha comprometido a hacer accesible su sitio web de conformidad con el Real Decreto 1112\/2018, de 7 de septiembre, sobre \u2713","breadcrumb":{"@id":"https:\/\/apinyo.cat\/es\/politica-de-accesibilidad\/#breadcrumb"},"inLanguage":"es","potentialAction":[{"@type":"ReadAction","target":["https:\/\/apinyo.cat\/es\/politica-de-accesibilidad\/"]}]},{"@type":"BreadcrumbList","@id":"https:\/\/apinyo.cat\/es\/politica-de-accesibilidad\/#breadcrumb","itemListElement":[{"@type":"ListItem","position":1,"name":"Portada","item":"https:\/\/apinyo.cat\/es\/home\/"},{"@type":"ListItem","position":2,"name":"Pol\u00edtica de accesibilidad"}]},{"@type":"WebSite","@id":"https:\/\/apinyo.cat\/#website","url":"https:\/\/apinyo.cat\/","name":"Apinyo","description":"","publisher":{"@id":"https:\/\/apinyo.cat\/#organization"},"potentialAction":[{"@type":"SearchAction","target":{"@type":"EntryPoint","urlTemplate":"https:\/\/apinyo.cat\/?s={search_term_string}"},"query-input":{"@type":"PropertyValueSpecification","valueRequired":true,"valueName":"search_term_string"}}],"inLanguage":"es"},{"@type":"Organization","@id":"https:\/\/apinyo.cat\/#organization","name":"Apinyo","url":"https:\/\/apinyo.cat\/","logo":{"@type":"ImageObject","inLanguage":"es","@id":"https:\/\/apinyo.cat\/#\/schema\/logo\/image\/","url":"https:\/\/apinyo.cat\/wp-content\/uploads\/2022\/03\/logo_apinyo.png","contentUrl":"https:\/\/apinyo.cat\/wp-content\/uploads\/2022\/03\/logo_apinyo.png","width":192,"height":32,"caption":"Apinyo"},"image":{"@id":"https:\/\/apinyo.cat\/#\/schema\/logo\/image\/"}}]}},"_links":{"self":[{"href":"https:\/\/apinyo.cat\/es\/wp-json\/wp\/v2\/pages\/1590","targetHints":{"allow":["GET"]}}],"collection":[{"href":"https:\/\/apinyo.cat\/es\/wp-json\/wp\/v2\/pages"}],"about":[{"href":"https:\/\/apinyo.cat\/es\/wp-json\/wp\/v2\/types\/page"}],"author":[{"embeddable":true,"href":"https:\/\/apinyo.cat\/es\/wp-json\/wp\/v2\/users\/2"}],"replies":[{"embeddable":true,"href":"https:\/\/apinyo.cat\/es\/wp-json\/wp\/v2\/comments?post=1590"}],"version-history":[{"count":1,"href":"https:\/\/apinyo.cat\/es\/wp-json\/wp\/v2\/pages\/1590\/revisions"}],"predecessor-version":[{"id":1591,"href":"https:\/\/apinyo.cat\/es\/wp-json\/wp\/v2\/pages\/1590\/revisions\/1591"}],"wp:attachment":[{"href":"https:\/\/apinyo.cat\/es\/wp-json\/wp\/v2\/media?parent=1590"}],"curies":[{"name":"wp","href":"https:\/\/api.w.org\/{rel}","templated":true}]}}